{"id":80,"date":"2023-05-24T21:19:35","date_gmt":"2023-05-24T21:19:35","guid":{"rendered":"https:\/\/zurigorri.com\/?page_id=80"},"modified":"2026-01-31T06:59:07","modified_gmt":"2026-01-31T06:59:07","slug":"vino-zurigorri","status":"publish","type":"page","link":"https:\/\/zurigorri.com\/","title":{"rendered":"VINO ZURIGORRI"},"content":{"rendered":"\n    \n    <section class=\"u-clearfix u-section-2\" id=\"block-11\">\n      <div class=\"u-clearfix u-sheet u-sheet-1\">\n        <p class=\"u-text u-text-default u-text-1\">Texto de ejemplo.<\/p>\n      <\/div>\n    <\/section>\n    <section class=\"u-black u-clearfix u-section-3\" id=\"sec-b8f3\">\n      <img decoding=\"async\" class=\"u-image u-image-contain u-image-default u-image-1\" src=\"https:\/\/zurigorri.com\/wp-content\/uploads\/2024\/01\/botella_zurigorri-removebg.png\" alt=\"\" data-image-width=\"504\" data-image-height=\"800\">\n      <div class=\"data-layout-selected u-clearfix u-gutter-20 u-layout-wrap u-layout-wrap-1\">\n        <div class=\"u-layout\" style=\"\">\n          <div class=\"u-layout-row\" style=\"\">\n            <div class=\"u-size-30\" style=\"\">\n              <div class=\"u-layout-col\" style=\"\">\n                <div class=\"u-container-style u-layout-cell u-size-60 u-layout-cell-1\">\n                  <div class=\"u-container-layout u-container-layout-1\"><\/div>\n                <\/div>\n              <\/div>\n            <\/div>\n            <div class=\"u-size-30\">\n              <div class=\"u-layout-col\">\n                <div class=\"u-size-60\">\n                  <div class=\"u-layout-row\">\n                    <div class=\"u-container-style u-layout-cell u-right-cell u-size-60 u-layout-cell-2\">\n                      <div class=\"u-container-layout\"><\/div>\n                    <\/div>\n                  <\/div>\n                <\/div>\n              <\/div>\n            <\/div>\n          <\/div>\n        <\/div>\n      <\/div>\n    <\/section>\n    <section class=\"u-align-center u-clearfix u-container-align-center u-valign-top-xl u-section-4\" id=\"sec-1f9d\">\n      <h2 class=\"u-text u-text-1\"><span style=\"font-size: 2.25rem;\" class=\"u-text-palette-1-base\">OTROS VINOS&nbsp;<\/span>\n        <br>\n        <br>- COSECHERO MACERACION CARBONICA \"AURTEN BAI\"<br>- TINTO POTEO \/ KALIMOTXO \"BETIZUREKIN\"<br>&nbsp;- RUEDA VERDEJO \"ZURIGORRI\"<br>- BIZKAIKO TXAKOLINA \"ZURIGORRI\"<br>\n        <br>\n        <br>\n        <br>\n        <br>\n      <\/h2>\n      <img decoding=\"async\" class=\"u-image u-image-contain u-image-default u-image-1\" src=\"https:\/\/zurigorri.com\/wp-content\/uploads\/2023\/09\/botellaaurtenbai.jpg\" alt=\"\" data-image-width=\"1280\" data-image-height=\"1600\">\n    <\/section>\n    <section class=\"u-align-center u-clearfix u-container-align-center u-valign-middle-lg u-valign-middle-md u-valign-middle-sm u-valign-middle-xl u-section-5\" id=\"sec-95a2\">\n      <img decoding=\"async\" class=\"u-image u-image-contain u-image-default u-image-1\" src=\"https:\/\/zurigorri.com\/wp-content\/uploads\/2023\/11\/botellabetizurekinnueva1.jpg\" alt=\"\" data-image-width=\"1280\" data-image-height=\"1600\">\n    <\/section>\n    <section class=\"u-align-center u-clearfix u-container-align-center u-section-6\" id=\"sec-d8eb\">\n      <div class=\"u-clearfix u-sheet u-sheet-1\">\n        <img decoding=\"async\" class=\"u-image u-image-contain u-image-default u-image-1\" src=\"https:\/\/zurigorri.com\/wp-content\/uploads\/2023\/11\/botellaverdejozurigorrinueva1.jpg\" alt=\"\" data-image-width=\"1280\" data-image-height=\"1600\">\n      <\/div>\n    <\/section>\n    <section class=\"u-clearfix u-section-7\" id=\"block-10\">\n      <div class=\"u-clearfix u-sheet u-valign-middle-xl u-sheet-1\">\n        <img decoding=\"async\" class=\"custom-expanded u-image u-image-contain u-image-default u-image-1\" src=\"https:\/\/zurigorri.com\/wp-content\/uploads\/2026\/01\/TXAKOLIZURIGORRI-Photoroom.png\" alt=\"\" data-image-width=\"411\" data-image-height=\"1280\">\n      <\/div>\n    <\/section>\n    <section class=\"u-clearfix u-custom-color-1 u-section-8\" id=\"sec-c0db\">\n      <div class=\"data-layout-selected u-clearfix u-gutter-0 u-layout-wrap u-layout-wrap-1\">\n        <div class=\"u-layout\">\n          <div class=\"u-layout-row\">\n            <div class=\"u-container-style u-layout-cell u-left-cell u-palette-1-base u-size-37 u-layout-cell-1\">\n              <div class=\"u-container-layout u-container-layout-1\">\n                <h2 class=\"u-text u-text-1\"> PRECIOS ESPECIALES POR VOLUMEN PARA HOSTELERIA Y SOCIEDADES. SOLICITAR INFORMACI\u00d3N.<br>SE HACEN ENVIOS A TODA LA PENINSULA.<br>\n                <\/h2>\n                <p class=\"u-text u-text-2\">La Bodega Alcanadre, tiene tienda fisica en Santutxu (Bilbao), en la Plaza Lauaxeta 10 trasera. Entre la parada de metro de Basarrate y el polideportivo de Txurdinaga .<br>\n                  <br>\n                  <br>\n                <\/p>\n              <\/div>\n            <\/div>\n            <div class=\"u-container-style u-layout-cell u-size-3 u-layout-cell-2\">\n              <div class=\"u-container-layout u-valign-middle-sm u-container-layout-2\">\n                <img decoding=\"async\" class=\"u-absolute-hcenter-xs u-expanded u-image u-image-contain u-image-default\" src=\"https:\/\/zurigorri.com\/wp-content\/uploads\/2023\/05\/logo_zurigorri.com-removebg-preview.png\" alt=\"\" data-image-width=\"651\" data-image-height=\"383\">\n              <\/div>\n            <\/div>\n            <div class=\"u-container-style u-image u-layout-cell u-right-cell u-size-20 u-image-2\" data-image-width=\"972\" data-image-height=\"1606\" style=\"background-image: url(&quot;https:\/\/zurigorri.com\/wp-content\/uploads\/2023\/05\/tempFileForShare_20221130-183801.jpg&quot;);\">\n              <div class=\"u-container-layout\"><\/div>\n            <\/div>\n          <\/div>\n        <\/div>\n      <\/div>\n    <\/section>\n    <section class=\"u-align-left u-clearfix u-container-align-left u-image u-section-9\" src=\"\" data-image-width=\"709\" data-image-height=\"1417\" id=\"sec-0b0b\" style=\"background-image: url(&quot;https:\/\/zurigorri.com\/wp-content\/uploads\/2023\/05\/IMG-20221019-WA0018.jpg&quot;);\">\n      <div class=\"u-clearfix u-sheet u-sheet-1\"><\/div>\n    <\/section>\n    <section class=\"u-black u-clearfix u-section-10\" id=\"sec-2fde\">\n      <div class=\"custom-expanded data-layout-selected u-clearfix u-layout-wrap u-layout-wrap-1\">\n        <div class=\"u-layout\">\n          <div class=\"u-layout-row\">\n            <div class=\"u-black u-container-style u-layout-cell u-left-cell u-size-37 u-layout-cell-1\">\n              <div class=\"u-container-layout u-container-layout-1\">\n                <h2 class=\"u-text u-text-1\">CARACTER\u00cdSTICAS Y CATA\u200b ZURIGORRI CRIANZA<\/h2>\n                <ul class=\"u-text u-text-2\">\n                  <li> Maceraci\u00f3n pre-fermentaci\u00f3n en dep\u00f3sito de acero inoxidable a 10-12 grados Celsius durante 7-1 O d\u00edas. <\/li>\n                  <li> La fermentaci\u00f3n alcoh\u00f3lica a 25 grados Celsius de temperatura m\u00e1xima durante 14-16 d\u00edas.Crianza de 14 meses en barricas de 225 lts. Fondo Allier \u2013 roble franc\u00e9s y americano, con posterior redondeo en botella durante 12 meses. <\/li>\n                  <li> Formato: 75cl. <\/li>\n                  <li> Variedades: 75% Tempranillo, 15% Garnacha y 10% Mazuelo. <\/li>\n                  <li> Volumen de alcohol: 13,5% <\/li>\n                  <li> Cata: Vista: Cereza granate de capa media. Olfato: Aromas a frutas rojas, regaliz y vainilla. Gusto: Agradable, suave y postgusto de vainilla y canela <\/li>\n                <\/ul>\n              <\/div>\n            <\/div>\n            <div class=\"u-container-style u-layout-cell u-size-3 u-layout-cell-2\">\n              <div class=\"u-container-layout u-valign-middle-sm u-valign-top-xs u-container-layout-2\"><\/div>\n            <\/div>\n            <div class=\"u-container-style u-image u-layout-cell u-right-cell u-size-20 u-image-1\" data-image-width=\"1000\" data-image-height=\"1500\" style=\"background-image: url(&quot;https:\/\/zurigorri.com\/wp-content\/uploads\/2023\/05\/pexelsphoto312080.png&quot;);\">\n              <div class=\"u-container-layout\"><\/div>\n            <\/div>\n          <\/div>\n        <\/div>\n      <\/div>\n    <\/section>\n    <section class=\"u-black u-clearfix u-section-11\" id=\"carousel_c5b5\">\n      <img decoding=\"async\" class=\"u-expanded-height-xs u-image u-image-1\" src=\"https:\/\/zurigorri.com\/wp-content\/uploads\/2023\/05\/botella_zurigorri-removebg-1.png\" data-image-width=\"504\" data-image-height=\"800\">\n      <div class=\"data-layout-selected u-clearfix u-expanded-width-lg u-expanded-width-md u-expanded-width-sm u-expanded-width-xs u-layout-wrap u-layout-wrap-1\">\n        <div class=\"u-layout\">\n          <div class=\"u-layout-row\">\n            <div class=\"u-container-style u-layout-cell u-left-cell u-size-30 u-layout-cell-1\">\n              <div class=\"u-container-layout\"><\/div>\n            <\/div>\n            <div class=\"u-container-style u-layout-cell u-right-cell u-size-30 u-layout-cell-2\">\n              <div class=\"u-container-layout u-container-layout-2\">\n                <p class=\"u-text u-text-1\"> 944114793&nbsp; fijo<br>644466541 movil y whatsapp<br>\n                  <a href=\"mailto:info@elvinoencasa.es\" class=\"u-active-none u-border-none u-btn u-button-style u-hover-none u-none u-text-palette-1-base u-btn-1\">info@elvinoencasa.es<\/a>\n                  <br>\n                  <a href=\"mailto:info@zurigorri.com\" class=\"u-active-none u-border-none u-btn u-button-style u-hover-none u-none u-text-palette-1-base u-btn-2\">info@zurigorri.com<\/a>\n                  <br>www.elvinoencasa.es \n                <\/p>\n                <p class=\"u-text u-text-2\">&nbsp; &nbsp; &nbsp; &nbsp;C\/\u200b Plaza Lauaxeta 10 trasera. <a href=\"https:\/\/goo.gl\/maps\/8APmrdsnMKAjLQNc7\" class=\"u-active-none u-border-none u-btn u-button-link u-button-style u-hover-none u-none u-text-palette-1-base u-btn-3\" target=\"_blank\">Mapa<\/a>\n                <\/p>\n              <\/div>\n            <\/div>\n          <\/div>\n        <\/div>\n      <\/div>\n      <h1 class=\"u-align-center-lg u-align-center-md u-align-center-sm u-align-center-xl u-align-right-xs u-text u-text-palette-1-base u-text-3\">c<br>o<br>n<br>t<br>a<br>c<br>t<br>o \n      <\/h1>\n    <\/section>\n    <section class=\"u-clearfix u-container-align-center-lg u-container-align-center-md u-container-align-center-sm u-container-align-center-xl u-section-12\" id=\"sec-b6de\">\n      <div class=\"u-clearfix u-sheet u-sheet-1\">\n        <img decoding=\"async\" class=\"u-absolute-hcenter-xs u-expanded u-image u-image-default\" src=\"https:\/\/zurigorri.com\/wp-content\/uploads\/2023\/05\/athletickarajo.jpg\" alt=\"\" data-image-width=\"680\" data-image-height=\"679\">\n      <\/div>\n    <\/section>\n    \n    \n    \n    \n  \n","protected":false},"excerpt":{"rendered":"<p>Texto de ejemplo. OTROS VINOS&nbsp; &#8211; COSECHERO MACERACION CARBONICA \u00abAURTEN BAI\u00bb- TINTO POTEO \/ KALIMOTXO \u00abBETIZUREKIN\u00bb&nbsp;&#8211; RUEDA VERDEJO \u00abZURIGORRI\u00bb- BIZKAIKO TXAKOLINA \u00abZURIGORRI\u00bb PRECIOS ESPECIALES POR VOLUMEN PARA HOSTELERIA Y SOCIEDADES. SOLICITAR INFORMACI\u00d3N.SE HACEN ENVIOS A TODA LA PENINSULA. La Bodega Alcanadre, tiene tienda fisica en Santutxu (Bilbao), en la Plaza Lauaxeta 10 trasera. Entre la &hellip; <a href=\"https:\/\/zurigorri.com\/\" class=\"more-link\">Continue reading<span class=\"screen-reader-text\"> \u00abVINO ZURIGORRI\u00bb<\/span><\/a><\/p>\n","protected":false},"author":1,"featured_media":0,"parent":0,"menu_order":1,"comment_status":"closed","ping_status":"closed","template":"","meta":{"footnotes":""},"class_list":["post-80","page","type-page","status-publish","hentry"],"yoast_head":"<!-- This site is optimized with the Yoast SEO plugin v27.4 - https:\/\/yoast.com\/product\/yoast-seo-wordpress\/ -->\n<title>VINO ZURIGORRI - Zurigorri<\/title>\n<meta name=\"robots\" content=\"index, follow, max-snippet:-1, max-image-preview:large, max-video-preview:-1\" \/>\n<link rel=\"canonical\" href=\"https:\/\/zurigorri.com\/\" \/>\n<meta property=\"og:locale\" content=\"es_ES\" \/>\n<meta property=\"og:type\" content=\"article\" \/>\n<meta property=\"og:title\" content=\"VINO ZURIGORRI - Zurigorri\" \/>\n<meta property=\"og:description\" content=\"Texto de ejemplo. OTROS VINOS&nbsp; - COSECHERO MACERACION CARBONICA &quot;AURTEN BAI&quot;- TINTO POTEO \/ KALIMOTXO &quot;BETIZUREKIN&quot;&nbsp;- RUEDA VERDEJO &quot;ZURIGORRI&quot;- BIZKAIKO TXAKOLINA &quot;ZURIGORRI&quot; PRECIOS ESPECIALES POR VOLUMEN PARA HOSTELERIA Y SOCIEDADES. SOLICITAR INFORMACI\u00d3N.SE HACEN ENVIOS A TODA LA PENINSULA. La Bodega Alcanadre, tiene tienda fisica en Santutxu (Bilbao), en la Plaza Lauaxeta 10 trasera. Entre la &hellip; Continue reading &quot;VINO ZURIGORRI&quot;\" \/>\n<meta property=\"og:url\" content=\"https:\/\/zurigorri.com\/\" \/>\n<meta property=\"og:site_name\" content=\"Zurigorri\" \/>\n<meta property=\"article:modified_time\" content=\"2026-01-31T06:59:07+00:00\" \/>\n<meta name=\"twitter:card\" content=\"summary_large_image\" \/>\n<meta name=\"twitter:label1\" content=\"Tiempo de lectura\" \/>\n\t<meta name=\"twitter:data1\" content=\"1 minuto\" \/>\n<script type=\"application\/ld+json\" class=\"yoast-schema-graph\">{\"@context\":\"https:\\\/\\\/schema.org\",\"@graph\":[{\"@type\":\"WebPage\",\"@id\":\"https:\\\/\\\/zurigorri.com\\\/\",\"url\":\"https:\\\/\\\/zurigorri.com\\\/\",\"name\":\"VINO ZURIGORRI - Zurigorri\",\"isPartOf\":{\"@id\":\"https:\\\/\\\/zurigorri.com\\\/#website\"},\"datePublished\":\"2023-05-24T21:19:35+00:00\",\"dateModified\":\"2026-01-31T06:59:07+00:00\",\"breadcrumb\":{\"@id\":\"https:\\\/\\\/zurigorri.com\\\/#breadcrumb\"},\"inLanguage\":\"es\",\"potentialAction\":[{\"@type\":\"ReadAction\",\"target\":[\"https:\\\/\\\/zurigorri.com\\\/\"]}]},{\"@type\":\"BreadcrumbList\",\"@id\":\"https:\\\/\\\/zurigorri.com\\\/#breadcrumb\",\"itemListElement\":[{\"@type\":\"ListItem\",\"position\":1,\"name\":\"Portada\",\"item\":\"https:\\\/\\\/zurigorri.com\\\/\"},{\"@type\":\"ListItem\",\"position\":2,\"name\":\"VINO ZURIGORRI\"}]},{\"@type\":\"WebSite\",\"@id\":\"https:\\\/\\\/zurigorri.com\\\/#website\",\"url\":\"https:\\\/\\\/zurigorri.com\\\/\",\"name\":\"Zurigorri\",\"description\":\"Vino con aroma rojiblanco para los aficionados del Athletic Club de Bilbao\",\"publisher\":{\"@id\":\"https:\\\/\\\/zurigorri.com\\\/#organization\"},\"potentialAction\":[{\"@type\":\"SearchAction\",\"target\":{\"@type\":\"EntryPoint\",\"urlTemplate\":\"https:\\\/\\\/zurigorri.com\\\/?s={search_term_string}\"},\"query-input\":{\"@type\":\"PropertyValueSpecification\",\"valueRequired\":true,\"valueName\":\"search_term_string\"}}],\"inLanguage\":\"es\"},{\"@type\":\"Organization\",\"@id\":\"https:\\\/\\\/zurigorri.com\\\/#organization\",\"name\":\"Zurigorri\",\"url\":\"https:\\\/\\\/zurigorri.com\\\/\",\"logo\":{\"@type\":\"ImageObject\",\"inLanguage\":\"es\",\"@id\":\"https:\\\/\\\/zurigorri.com\\\/#\\\/schema\\\/logo\\\/image\\\/\",\"url\":\"https:\\\/\\\/zurigorri.com\\\/wp-content\\\/uploads\\\/2022\\\/11\\\/botella-zurigorri.jpg\",\"contentUrl\":\"https:\\\/\\\/zurigorri.com\\\/wp-content\\\/uploads\\\/2022\\\/11\\\/botella-zurigorri.jpg\",\"width\":504,\"height\":800,\"caption\":\"Zurigorri\"},\"image\":{\"@id\":\"https:\\\/\\\/zurigorri.com\\\/#\\\/schema\\\/logo\\\/image\\\/\"}}]}<\/script>\n<!-- \/ Yoast SEO plugin. -->","yoast_head_json":{"title":"VINO ZURIGORRI - Zurigorri","robots":{"index":"index","follow":"follow","max-snippet":"max-snippet:-1","max-image-preview":"max-image-preview:large","max-video-preview":"max-video-preview:-1"},"canonical":"https:\/\/zurigorri.com\/","og_locale":"es_ES","og_type":"article","og_title":"VINO ZURIGORRI - Zurigorri","og_description":"Texto de ejemplo. OTROS VINOS&nbsp; - COSECHERO MACERACION CARBONICA \"AURTEN BAI\"- TINTO POTEO \/ KALIMOTXO \"BETIZUREKIN\"&nbsp;- RUEDA VERDEJO \"ZURIGORRI\"- BIZKAIKO TXAKOLINA \"ZURIGORRI\" PRECIOS ESPECIALES POR VOLUMEN PARA HOSTELERIA Y SOCIEDADES. SOLICITAR INFORMACI\u00d3N.SE HACEN ENVIOS A TODA LA PENINSULA. La Bodega Alcanadre, tiene tienda fisica en Santutxu (Bilbao), en la Plaza Lauaxeta 10 trasera. Entre la &hellip; Continue reading \"VINO ZURIGORRI\"","og_url":"https:\/\/zurigorri.com\/","og_site_name":"Zurigorri","article_modified_time":"2026-01-31T06:59:07+00:00","twitter_card":"summary_large_image","twitter_misc":{"Tiempo de lectura":"1 minuto"},"schema":{"@context":"https:\/\/schema.org","@graph":[{"@type":"WebPage","@id":"https:\/\/zurigorri.com\/","url":"https:\/\/zurigorri.com\/","name":"VINO ZURIGORRI - Zurigorri","isPartOf":{"@id":"https:\/\/zurigorri.com\/#website"},"datePublished":"2023-05-24T21:19:35+00:00","dateModified":"2026-01-31T06:59:07+00:00","breadcrumb":{"@id":"https:\/\/zurigorri.com\/#breadcrumb"},"inLanguage":"es","potentialAction":[{"@type":"ReadAction","target":["https:\/\/zurigorri.com\/"]}]},{"@type":"BreadcrumbList","@id":"https:\/\/zurigorri.com\/#breadcrumb","itemListElement":[{"@type":"ListItem","position":1,"name":"Portada","item":"https:\/\/zurigorri.com\/"},{"@type":"ListItem","position":2,"name":"VINO ZURIGORRI"}]},{"@type":"WebSite","@id":"https:\/\/zurigorri.com\/#website","url":"https:\/\/zurigorri.com\/","name":"Zurigorri","description":"Vino con aroma rojiblanco para los aficionados del Athletic Club de Bilbao","publisher":{"@id":"https:\/\/zurigorri.com\/#organization"},"potentialAction":[{"@type":"SearchAction","target":{"@type":"EntryPoint","urlTemplate":"https:\/\/zurigorri.com\/?s={search_term_string}"},"query-input":{"@type":"PropertyValueSpecification","valueRequired":true,"valueName":"search_term_string"}}],"inLanguage":"es"},{"@type":"Organization","@id":"https:\/\/zurigorri.com\/#organization","name":"Zurigorri","url":"https:\/\/zurigorri.com\/","logo":{"@type":"ImageObject","inLanguage":"es","@id":"https:\/\/zurigorri.com\/#\/schema\/logo\/image\/","url":"https:\/\/zurigorri.com\/wp-content\/uploads\/2022\/11\/botella-zurigorri.jpg","contentUrl":"https:\/\/zurigorri.com\/wp-content\/uploads\/2022\/11\/botella-zurigorri.jpg","width":504,"height":800,"caption":"Zurigorri"},"image":{"@id":"https:\/\/zurigorri.com\/#\/schema\/logo\/image\/"}}]}},"_links":{"self":[{"href":"https:\/\/zurigorri.com\/index.php?rest_route=\/wp\/v2\/pages\/80","targetHints":{"allow":["GET"]}}],"collection":[{"href":"https:\/\/zurigorri.com\/index.php?rest_route=\/wp\/v2\/pages"}],"about":[{"href":"https:\/\/zurigorri.com\/index.php?rest_route=\/wp\/v2\/types\/page"}],"author":[{"embeddable":true,"href":"https:\/\/zurigorri.com\/index.php?rest_route=\/wp\/v2\/users\/1"}],"replies":[{"embeddable":true,"href":"https:\/\/zurigorri.com\/index.php?rest_route=%2Fwp%2Fv2%2Fcomments&post=80"}],"version-history":[{"count":25,"href":"https:\/\/zurigorri.com\/index.php?rest_route=\/wp\/v2\/pages\/80\/revisions"}],"predecessor-version":[{"id":183,"href":"https:\/\/zurigorri.com\/index.php?rest_route=\/wp\/v2\/pages\/80\/revisions\/183"}],"wp:attachment":[{"href":"https:\/\/zurigorri.com\/index.php?rest_route=%2Fwp%2Fv2%2Fmedia&parent=80"}],"curies":[{"name":"wp","href":"https:\/\/api.w.org\/{rel}","templated":true}]}}